{"id":9,"date":"2025-08-22T11:55:16","date_gmt":"2025-08-22T11:55:16","guid":{"rendered":"https:\/\/kadiogluhukuk.org\/?page_id=9"},"modified":"2025-12-12T13:31:55","modified_gmt":"2025-12-12T13:31:55","slug":"contact","status":"publish","type":"page","link":"https:\/\/kadiogluhukuk.org\/?page_id=9","title":{"rendered":"\u0130leti\u015fim"},"content":{"rendered":"\n<div class=\"wp-block-cover alignfull\" style=\"padding-right:0;padding-left:0;min-height:300px;aspect-ratio:unset;\"><span aria-hidden=\"true\" class=\"wp-block-cover__background has-nv-site-bg-background-color has-background-dim-100 has-background-dim\"><\/span><div class=\"wp-block-cover__inner-container is-layout-flow wp-block-cover-is-layout-flow\">\n<div class=\"wp-block-group\" style=\"padding-right:var(--wp--preset--spacing--30);padding-left:var(--wp--preset--spacing--30)\"><div class=\"wp-block-group__inner-container is-layout-flow wp-block-group-is-layout-flow\">\n<h1 class=\"wp-block-heading has-text-align-left has-neve-text-color-color has-text-color\">\u0130leti\u015fim<\/h1>\n<\/div><\/div>\n<\/div><\/div>\n\n\n\n<div class=\"wp-block-cover alignfull\" style=\"min-height:420px;aspect-ratio:unset;\"><span aria-hidden=\"true\" class=\"wp-block-cover__background has-nv-light-bg-background-color has-background-dim-100 has-background-dim\"><\/span><div class=\"wp-block-cover__inner-container is-layout-flow wp-block-cover-is-layout-flow\">\n<div style=\"height:80px\" aria-hidden=\"true\" class=\"wp-block-spacer\"><\/div>\n\n\n\n<div class=\"wp-block-columns is-layout-flex wp-container-core-columns-is-layout-9d6595d7 wp-block-columns-is-layout-flex\">\n<div class=\"wp-block-column ticss-4ce656f1 is-layout-flow wp-block-column-is-layout-flow\" style=\"padding-right:var(--wp--preset--spacing--30);padding-left:var(--wp--preset--spacing--30)\">\n<div class=\"wp-block-group has-nv-site-bg-background-color has-background\" style=\"border-radius:24px\"><div class=\"wp-block-group__inner-container is-layout-flow wp-block-group-is-layout-flow\">\n<div style=\"height:24px\" aria-hidden=\"true\" class=\"wp-block-spacer\"><\/div>\n\n\n<div class=\"wp-block-image icon-style is-style-default\">\n<figure class=\"aligncenter size-full\"><img decoding=\"async\" src=\"https:\/\/kadiogluhukuk.org\/wp-content\/themes\/neve\/assets\/img\/starter-content\/neve-marketing-icon-7.png\" alt=\"\"\/><\/figure>\n<\/div>\n\n\n<div style=\"height:24px\" aria-hidden=\"true\" class=\"wp-block-spacer\"><\/div>\n\n\n\n<h3 class=\"wp-block-heading has-text-align-center has-neve-text-color-color has-text-color\">Telefon<\/h3>\n\n\n\n<p class=\"has-text-align-center has-neve-text-color-color has-text-color\" style=\"font-size:15px\">0543 265 86 82 <\/p>\n\n\n\n<div style=\"height:24px\" aria-hidden=\"true\" class=\"wp-block-spacer\"><\/div>\n<\/div><\/div>\n<\/div>\n\n\n\n<div class=\"wp-block-column ticss-f6fc7494 is-layout-flow wp-block-column-is-layout-flow\" style=\"padding-right:var(--wp--preset--spacing--30);padding-left:var(--wp--preset--spacing--30)\">\n<div class=\"wp-block-group has-nv-site-bg-background-color has-background\" style=\"border-radius:24px\"><div class=\"wp-block-group__inner-container is-layout-flow wp-block-group-is-layout-flow\">\n<div style=\"height:24px\" aria-hidden=\"true\" class=\"wp-block-spacer\"><\/div>\n\n\n<div class=\"wp-block-image icon-style is-style-default\">\n<figure class=\"aligncenter size-full\"><img decoding=\"async\" src=\"https:\/\/kadiogluhukuk.org\/wp-content\/themes\/neve\/assets\/img\/starter-content\/neve-marketing-icon-5.png\" alt=\"\"\/><\/figure>\n<\/div>\n\n\n<div style=\"height:24px\" aria-hidden=\"true\" class=\"wp-block-spacer\"><\/div>\n\n\n\n<h3 class=\"wp-block-heading has-text-align-center has-neve-text-color-color has-text-color\">Email<\/h3>\n\n\n\n<p class=\"has-text-align-center has-neve-text-color-color has-text-color\" style=\"font-size:15px\">kadioglu@kadiogluhukuk.org<\/p>\n\n\n\n<div style=\"height:24px\" aria-hidden=\"true\" class=\"wp-block-spacer\"><\/div>\n<\/div><\/div>\n<\/div>\n\n\n\n<div class=\"wp-block-column ticss-a5b4df29 is-layout-flow wp-block-column-is-layout-flow\" style=\"padding-right:var(--wp--preset--spacing--30);padding-left:var(--wp--preset--spacing--30)\">\n<div class=\"wp-block-group has-nv-site-bg-background-color has-background\" style=\"border-radius:24px\"><div class=\"wp-block-group__inner-container is-layout-flow wp-block-group-is-layout-flow\">\n<div style=\"height:24px\" aria-hidden=\"true\" class=\"wp-block-spacer\"><\/div>\n\n\n<div class=\"wp-block-image icon-style is-style-default\">\n<figure class=\"aligncenter size-full\"><img decoding=\"async\" src=\"https:\/\/kadiogluhukuk.org\/wp-content\/themes\/neve\/assets\/img\/starter-content\/neve-marketing-icon-6.png\" alt=\"\"\/><\/figure>\n<\/div>\n\n\n<div style=\"height:24px\" aria-hidden=\"true\" class=\"wp-block-spacer\"><\/div>\n\n\n\n<h3 class=\"wp-block-heading has-text-align-center has-neve-text-color-color has-text-color\">Adres<\/h3>\n\n\n\n<p class=\"has-text-align-center has-neve-text-color-color has-text-color\" style=\"font-size:15px\">Eskikale Mah. Atat\u00fcrk Cad. Ta\u015fhan Sk. No:2 2. Vak\u0131flar \u0130\u015f Han\u0131 Kat:2 No:204 Merkez\/Sivas<\/p>\n\n\n\n<div style=\"height:24px\" aria-hidden=\"true\" class=\"wp-block-spacer\"><\/div>\n<\/div><\/div>\n<\/div>\n<\/div>\n\n\n\n<div style=\"height:30px\" aria-hidden=\"true\" class=\"wp-block-spacer\"><\/div>\n<\/div><\/div>\n\n\n\n<iframe loading=\"lazy\" src=\"https:\/\/www.google.com\/maps\/d\/embed?mid=1ZH0rsWZGpXvqOKIUhwCsxZ3KlzIay0Q&#038;ehbc=2E312F\" width=\"1180\" height=\"480\"><\/iframe>\n\n\n\n<div class=\"wp-block-group\"><div class=\"wp-block-group__inner-container is-layout-constrained wp-block-group-is-layout-constrained\">\n<div class=\"wp-block-group\"><div class=\"wp-block-group__inner-container is-layout-constrained wp-block-group-is-layout-constrained\">\n<div class=\"wp-block-columns is-layout-flex wp-container-core-columns-is-layout-9d6595d7 wp-block-columns-is-layout-flex\">\n<div class=\"wp-block-column is-layout-flow wp-block-column-is-layout-flow\" style=\"flex-basis:100%\">\n<figure class=\"wp-block-image size-large is-resized\"><img loading=\"lazy\" decoding=\"async\" width=\"1024\" height=\"512\" src=\"https:\/\/kadiogluhukuk.org\/wp-content\/uploads\/2025\/08\/68083-1024x512.jpg\" alt=\"\" class=\"wp-image-59\" style=\"width:1170px;height:auto\" srcset=\"https:\/\/kadiogluhukuk.org\/wp-content\/uploads\/2025\/08\/68083-1024x512.jpg 1024w, https:\/\/kadiogluhukuk.org\/wp-content\/uploads\/2025\/08\/68083-300x150.jpg 300w, https:\/\/kadiogluhukuk.org\/wp-content\/uploads\/2025\/08\/68083-768x384.jpg 768w, https:\/\/kadiogluhukuk.org\/wp-content\/uploads\/2025\/08\/68083.jpg 1280w\" sizes=\"auto, (max-width: 1024px) 100vw, 1024px\" \/><\/figure>\n<\/div>\n<\/div>\n<\/div><\/div>\n<\/div><\/div>\n","protected":false},"excerpt":{"rendered":"","protected":false},"author":1,"featured_media":0,"parent":0,"menu_order":0,"comment_status":"closed","ping_status":"closed","template":"","meta":{"neve_meta_sidebar":"","neve_meta_container":"","neve_meta_enable_content_width":"on","neve_meta_content_width":100,"neve_meta_title_alignment":"","neve_meta_author_avatar":"","neve_post_elements_order":"","neve_meta_disable_header":"","neve_meta_disable_footer":"","neve_meta_disable_title":"on","footnotes":""},"class_list":["post-9","page","type-page","status-publish","hentry"],"_links":{"self":[{"href":"https:\/\/kadiogluhukuk.org\/index.php?rest_route=\/wp\/v2\/pages\/9","targetHints":{"allow":["GET"]}}],"collection":[{"href":"https:\/\/kadiogluhukuk.org\/index.php?rest_route=\/wp\/v2\/pages"}],"about":[{"href":"https:\/\/kadiogluhukuk.org\/index.php?rest_route=\/wp\/v2\/types\/page"}],"author":[{"embeddable":true,"href":"https:\/\/kadiogluhukuk.org\/index.php?rest_route=\/wp\/v2\/users\/1"}],"replies":[{"embeddable":true,"href":"https:\/\/kadiogluhukuk.org\/index.php?rest_route=%2Fwp%2Fv2%2Fcomments&post=9"}],"version-history":[{"count":9,"href":"https:\/\/kadiogluhukuk.org\/index.php?rest_route=\/wp\/v2\/pages\/9\/revisions"}],"predecessor-version":[{"id":94,"href":"https:\/\/kadiogluhukuk.org\/index.php?rest_route=\/wp\/v2\/pages\/9\/revisions\/94"}],"wp:attachment":[{"href":"https:\/\/kadiogluhukuk.org\/index.php?rest_route=%2Fwp%2Fv2%2Fmedia&parent=9"}],"curies":[{"name":"wp","href":"https:\/\/api.w.org\/{rel}","templated":true}]}}