{"id":8,"date":"2025-08-22T11:55:16","date_gmt":"2025-08-22T11:55:16","guid":{"rendered":"https:\/\/kadiogluhukuk.org\/?page_id=8"},"modified":"2025-08-25T11:46:32","modified_gmt":"2025-08-25T11:46:32","slug":"hakkinda","status":"publish","type":"page","link":"https:\/\/kadiogluhukuk.org\/?page_id=8","title":{"rendered":"Hakk\u0131nda"},"content":{"rendered":"\n<div class=\"wp-block-cover alignfull\" style=\"min-height:320px;aspect-ratio:unset;\"><span aria-hidden=\"true\" class=\"wp-block-cover__background has-nv-site-bg-background-color has-background-dim-100 has-background-dim\"><\/span><div class=\"wp-block-cover__inner-container is-layout-flow wp-block-cover-is-layout-flow\">\n<div class=\"wp-block-group\" style=\"padding-right:var(--wp--preset--spacing--30);padding-left:var(--wp--preset--spacing--30)\"><div class=\"wp-block-group__inner-container is-layout-flow wp-block-group-is-layout-flow\">\n<h1 class=\"wp-block-heading has-text-align-left has-neve-text-color-color has-text-color\">Hakk\u0131m\u0131zda<\/h1>\n<\/div><\/div>\n<\/div><\/div>\n\n\n\n<div class=\"wp-block-cover alignfull\" style=\"min-height:600px;aspect-ratio:unset;\"><span aria-hidden=\"true\" class=\"wp-block-cover__background has-nv-light-bg-background-color has-background-dim-100 has-background-dim\"><\/span><div class=\"wp-block-cover__inner-container is-layout-flow wp-block-cover-is-layout-flow\">\n<div class=\"wp-block-group\"><div class=\"wp-block-group__inner-container is-layout-flow wp-block-group-is-layout-flow\">\n<div style=\"height:80px\" aria-hidden=\"true\" class=\"wp-block-spacer\"><\/div>\n\n\n\n<div class=\"wp-block-columns are-vertically-aligned-center has-neve-text-color-color has-text-color is-layout-flex wp-container-core-columns-is-layout-9d6595d7 wp-block-columns-is-layout-flex\">\n<div class=\"wp-block-column is-vertically-aligned-center is-layout-flow wp-block-column-is-layout-flow\" style=\"padding-right:var(--wp--preset--spacing--30);padding-left:var(--wp--preset--spacing--30);flex-basis:50%\">\n<figure class=\"wp-block-image size-full has-custom-border\"><img loading=\"lazy\" decoding=\"async\" width=\"1920\" height=\"1080\" src=\"https:\/\/kadiogluhukuk.org\/wp-content\/uploads\/2025\/08\/WhatsApp-Image-2025-08-25-at-12.26.58.jpeg\" alt=\"\" class=\"wp-image-83\" style=\"border-radius:16px\" srcset=\"https:\/\/kadiogluhukuk.org\/wp-content\/uploads\/2025\/08\/WhatsApp-Image-2025-08-25-at-12.26.58.jpeg 1920w, https:\/\/kadiogluhukuk.org\/wp-content\/uploads\/2025\/08\/WhatsApp-Image-2025-08-25-at-12.26.58-300x169.jpeg 300w, https:\/\/kadiogluhukuk.org\/wp-content\/uploads\/2025\/08\/WhatsApp-Image-2025-08-25-at-12.26.58-1024x576.jpeg 1024w, https:\/\/kadiogluhukuk.org\/wp-content\/uploads\/2025\/08\/WhatsApp-Image-2025-08-25-at-12.26.58-768x432.jpeg 768w, https:\/\/kadiogluhukuk.org\/wp-content\/uploads\/2025\/08\/WhatsApp-Image-2025-08-25-at-12.26.58-1536x864.jpeg 1536w\" sizes=\"auto, (max-width: 1920px) 100vw, 1920px\" \/><\/figure>\n<\/div>\n\n\n\n<div class=\"wp-block-column is-vertically-aligned-center is-layout-flow wp-block-column-is-layout-flow\" style=\"padding-top:0;padding-right:var(--wp--preset--spacing--30);padding-bottom:0;padding-left:var(--wp--preset--spacing--30);flex-basis:50%\">\n<h2 class=\"wp-block-heading has-neve-text-color-color has-text-color\">Kad\u0131o\u011flu Hukuk ve Dan\u0131\u015fmanl\u0131k B\u00fcrosu<\/h2>\n\n\n\n<p class=\"has-neve-text-color-color has-text-color\"><\/p>\n\n\n\n<p class=\"has-neve-text-color-color has-text-color\"><strong>Deneyim ve Uzmanl\u0131kla Hizmetinizdeyiz<\/strong><br>Kad\u0131o\u011flu Hukuk B\u00fcrosu olarak, deneyimli avukat ve arabulucular\u0131m\u0131zla hukuki sorunlar\u0131n\u0131za adil ve etkili \u00e7\u00f6z\u00fcmler sunuyoruz. Hukukun \u00e7e\u015fitli dallar\u0131nda uzmanla\u015fm\u0131\u015f ekibimiz, ihtiya\u00e7lar\u0131n\u0131za en uygun stratejileri belirleyerek sizi karma\u015f\u0131k s\u00fcre\u00e7lerde y\u00f6nlendirmeye haz\u0131rd\u0131r. Hukuki s\u00fcre\u00e7lerdeki titiz \u00e7al\u0131\u015fma prensibimiz ve \u00e7\u00f6z\u00fcm odakl\u0131 yakla\u015f\u0131m\u0131m\u0131z sayesinde g\u00fcvenilir bir rehber olmaktan gurur duyuyoruz.<br><\/p>\n<\/div>\n<\/div>\n\n\n\n<div style=\"height:40px\" aria-hidden=\"true\" class=\"wp-block-spacer\"><\/div>\n<\/div><\/div>\n<\/div><\/div>\n\n\n\n<div class=\"wp-block-cover alignfull\" style=\"min-height:600px;aspect-ratio:unset;\"><span aria-hidden=\"true\" class=\"wp-block-cover__background has-nv-dark-bg-background-color has-background-dim-100 has-background-dim\"><\/span><div class=\"wp-block-cover__inner-container is-layout-flow wp-block-cover-is-layout-flow\">\n<div class=\"wp-block-group\"><div class=\"wp-block-group__inner-container is-layout-flow wp-block-group-is-layout-flow\">\n<div style=\"height:80px\" aria-hidden=\"true\" class=\"wp-block-spacer\"><\/div>\n\n\n\n<div class=\"wp-block-columns are-vertically-aligned-center is-layout-flex wp-container-core-columns-is-layout-9d6595d7 wp-block-columns-is-layout-flex\">\n<div class=\"wp-block-column is-vertically-aligned-center is-layout-flow wp-block-column-is-layout-flow\" style=\"padding-right:var(--wp--preset--spacing--30);padding-left:var(--wp--preset--spacing--30);flex-basis:50%\">\n<h2 class=\"wp-block-heading has-nv-text-dark-bg-color has-text-color\">Kad\u0131o\u011flu Hukuk ve Dan\u0131\u015fmanl\u0131k B\u00fcrosu<\/h2>\n\n\n\n<p class=\"has-nv-text-dark-bg-color has-text-color\">Kad\u0131o\u011flu Hukuk B\u00fcrosu, i\u015f hukuku, fikri s\u0131nai m\u00fclkiyet hukuku, \u015firketler ve ticaret hukuku, yabanc\u0131lar hukuku, t\u00fcketici hukuku, ceza hukuku, icra\/iflas hukuku ba\u015fta olmak \u00fczere hukukun her alan\u0131nda \u00e7\u00f6z\u00fcm odakl\u0131 ve vizyoner bir bak\u0131\u015f a\u00e7\u0131s\u0131yla avukatl\u0131k ve dan\u0131\u015fmanl\u0131k hizmeti vermektedir.<\/p>\n\n\n\n<div style=\"height:20px\" aria-hidden=\"true\" class=\"wp-block-spacer\"><\/div>\n\n\n\n<div style=\"height:20px\" aria-hidden=\"true\" class=\"wp-block-spacer\"><\/div>\n<\/div>\n\n\n\n<div class=\"wp-block-column is-vertically-aligned-center is-layout-flow wp-block-column-is-layout-flow\" style=\"padding-right:var(--wp--preset--spacing--30);padding-left:var(--wp--preset--spacing--30);flex-basis:50%\">\n<figure class=\"wp-block-image size-full has-custom-border\"><img loading=\"lazy\" decoding=\"async\" width=\"1920\" height=\"1080\" src=\"https:\/\/kadiogluhukuk.org\/wp-content\/uploads\/2025\/08\/WhatsApp-Image-2025-08-25-at-12.24.10.jpeg\" alt=\"\" class=\"wp-image-84\" style=\"border-radius:16px\" srcset=\"https:\/\/kadiogluhukuk.org\/wp-content\/uploads\/2025\/08\/WhatsApp-Image-2025-08-25-at-12.24.10.jpeg 1920w, https:\/\/kadiogluhukuk.org\/wp-content\/uploads\/2025\/08\/WhatsApp-Image-2025-08-25-at-12.24.10-300x169.jpeg 300w, https:\/\/kadiogluhukuk.org\/wp-content\/uploads\/2025\/08\/WhatsApp-Image-2025-08-25-at-12.24.10-1024x576.jpeg 1024w, https:\/\/kadiogluhukuk.org\/wp-content\/uploads\/2025\/08\/WhatsApp-Image-2025-08-25-at-12.24.10-768x432.jpeg 768w, https:\/\/kadiogluhukuk.org\/wp-content\/uploads\/2025\/08\/WhatsApp-Image-2025-08-25-at-12.24.10-1536x864.jpeg 1536w\" sizes=\"auto, (max-width: 1920px) 100vw, 1920px\" \/><\/figure>\n<\/div>\n<\/div>\n\n\n\n<div style=\"height:40px\" aria-hidden=\"true\" class=\"wp-block-spacer\"><\/div>\n<\/div><\/div>\n<\/div><\/div>\n\n\n\n<p><strong>Ofisimiz<\/strong><\/p>\n\n\n\n<figure class=\"wp-block-image size-large\"><img loading=\"lazy\" decoding=\"async\" width=\"1024\" height=\"576\" src=\"https:\/\/kadiogluhukuk.org\/wp-content\/uploads\/2025\/08\/WhatsApp-Image-2025-08-25-at-12.26.58-1-1024x576.jpeg\" alt=\"\" class=\"wp-image-88\" srcset=\"https:\/\/kadiogluhukuk.org\/wp-content\/uploads\/2025\/08\/WhatsApp-Image-2025-08-25-at-12.26.58-1-1024x576.jpeg 1024w, https:\/\/kadiogluhukuk.org\/wp-content\/uploads\/2025\/08\/WhatsApp-Image-2025-08-25-at-12.26.58-1-300x169.jpeg 300w, https:\/\/kadiogluhukuk.org\/wp-content\/uploads\/2025\/08\/WhatsApp-Image-2025-08-25-at-12.26.58-1-768x432.jpeg 768w, https:\/\/kadiogluhukuk.org\/wp-content\/uploads\/2025\/08\/WhatsApp-Image-2025-08-25-at-12.26.58-1-1536x864.jpeg 1536w, https:\/\/kadiogluhukuk.org\/wp-content\/uploads\/2025\/08\/WhatsApp-Image-2025-08-25-at-12.26.58-1.jpeg 1920w\" sizes=\"auto, (max-width: 1024px) 100vw, 1024px\" \/><\/figure>\n\n\n\n<figure class=\"wp-block-image size-large\"><img loading=\"lazy\" decoding=\"async\" width=\"1024\" height=\"576\" src=\"https:\/\/kadiogluhukuk.org\/wp-content\/uploads\/2025\/08\/WhatsApp-Image-2025-08-25-at-12.28.05-1024x576.jpeg\" alt=\"\" class=\"wp-image-89\" srcset=\"https:\/\/kadiogluhukuk.org\/wp-content\/uploads\/2025\/08\/WhatsApp-Image-2025-08-25-at-12.28.05-1024x576.jpeg 1024w, https:\/\/kadiogluhukuk.org\/wp-content\/uploads\/2025\/08\/WhatsApp-Image-2025-08-25-at-12.28.05-300x169.jpeg 300w, https:\/\/kadiogluhukuk.org\/wp-content\/uploads\/2025\/08\/WhatsApp-Image-2025-08-25-at-12.28.05-768x432.jpeg 768w, https:\/\/kadiogluhukuk.org\/wp-content\/uploads\/2025\/08\/WhatsApp-Image-2025-08-25-at-12.28.05-1536x864.jpeg 1536w, https:\/\/kadiogluhukuk.org\/wp-content\/uploads\/2025\/08\/WhatsApp-Image-2025-08-25-at-12.28.05.jpeg 1920w\" sizes=\"auto, (max-width: 1024px) 100vw, 1024px\" \/><\/figure>\n\n\n\n<figure class=\"wp-block-image size-large\"><img loading=\"lazy\" decoding=\"async\" width=\"1024\" height=\"576\" src=\"https:\/\/kadiogluhukuk.org\/wp-content\/uploads\/2025\/08\/WhatsApp-Image-2025-08-25-at-12.24.10-1-1024x576.jpeg\" alt=\"\" class=\"wp-image-91\" srcset=\"https:\/\/kadiogluhukuk.org\/wp-content\/uploads\/2025\/08\/WhatsApp-Image-2025-08-25-at-12.24.10-1-1024x576.jpeg 1024w, https:\/\/kadiogluhukuk.org\/wp-content\/uploads\/2025\/08\/WhatsApp-Image-2025-08-25-at-12.24.10-1-300x169.jpeg 300w, https:\/\/kadiogluhukuk.org\/wp-content\/uploads\/2025\/08\/WhatsApp-Image-2025-08-25-at-12.24.10-1-768x432.jpeg 768w, https:\/\/kadiogluhukuk.org\/wp-content\/uploads\/2025\/08\/WhatsApp-Image-2025-08-25-at-12.24.10-1-1536x864.jpeg 1536w, https:\/\/kadiogluhukuk.org\/wp-content\/uploads\/2025\/08\/WhatsApp-Image-2025-08-25-at-12.24.10-1.jpeg 1920w\" sizes=\"auto, (max-width: 1024px) 100vw, 1024px\" \/><\/figure>\n","protected":false},"excerpt":{"rendered":"<p>Ofisimiz<\/p>\n","protected":false},"author":1,"featured_media":0,"parent":0,"menu_order":0,"comment_status":"closed","ping_status":"closed","template":"","meta":{"neve_meta_sidebar":"","neve_meta_container":"","neve_meta_enable_content_width":"on","neve_meta_content_width":100,"neve_meta_title_alignment":"","neve_meta_author_avatar":"","neve_post_elements_order":"","neve_meta_disable_header":"","neve_meta_disable_footer":"","neve_meta_disable_title":"on","footnotes":""},"class_list":["post-8","page","type-page","status-publish","hentry"],"_links":{"self":[{"href":"https:\/\/kadiogluhukuk.org\/index.php?rest_route=\/wp\/v2\/pages\/8","targetHints":{"allow":["GET"]}}],"collection":[{"href":"https:\/\/kadiogluhukuk.org\/index.php?rest_route=\/wp\/v2\/pages"}],"about":[{"href":"https:\/\/kadiogluhukuk.org\/index.php?rest_route=\/wp\/v2\/types\/page"}],"author":[{"embeddable":true,"href":"https:\/\/kadiogluhukuk.org\/index.php?rest_route=\/wp\/v2\/users\/1"}],"replies":[{"embeddable":true,"href":"https:\/\/kadiogluhukuk.org\/index.php?rest_route=%2Fwp%2Fv2%2Fcomments&post=8"}],"version-history":[{"count":4,"href":"https:\/\/kadiogluhukuk.org\/index.php?rest_route=\/wp\/v2\/pages\/8\/revisions"}],"predecessor-version":[{"id":92,"href":"https:\/\/kadiogluhukuk.org\/index.php?rest_route=\/wp\/v2\/pages\/8\/revisions\/92"}],"wp:attachment":[{"href":"https:\/\/kadiogluhukuk.org\/index.php?rest_route=%2Fwp%2Fv2%2Fmedia&parent=8"}],"curies":[{"name":"wp","href":"https:\/\/api.w.org\/{rel}","templated":true}]}}