{"id":7,"date":"2025-08-22T11:55:16","date_gmt":"2025-08-22T11:55:16","guid":{"rendered":"https:\/\/kadiogluhukuk.org\/?page_id=7"},"modified":"2025-08-25T07:09:58","modified_gmt":"2025-08-25T07:09:58","slug":"ana-sayfa","status":"publish","type":"page","link":"https:\/\/kadiogluhukuk.org\/","title":{"rendered":"Ana sayfa"},"content":{"rendered":"\n<div class=\"wp-block-cover alignfull\" style=\"min-height:800px;aspect-ratio:unset;\"><img decoding=\"async\" class=\"wp-block-cover__image-background\" alt=\"\" src=\"https:\/\/kadiogluhukuk.org\/wp-content\/themes\/neve\/assets\/img\/starter-content\/neve-hero-2.png\" style=\"object-position:50% 72%\" data-object-fit=\"cover\" data-object-position=\"50% 72%\"\/><span aria-hidden=\"true\" class=\"wp-block-cover__background has-background-dim-0 has-background-dim\"><\/span><div class=\"wp-block-cover__inner-container is-layout-flow wp-block-cover-is-layout-flow\">\n<div class=\"wp-block-columns are-vertically-aligned-center is-layout-flex wp-container-core-columns-is-layout-9d6595d7 wp-block-columns-is-layout-flex\">\n<div class=\"wp-block-column is-vertically-aligned-center is-layout-flow wp-block-column-is-layout-flow\" style=\"padding-right:var(--wp--preset--spacing--20);padding-left:var(--wp--preset--spacing--20);flex-basis:65%\">\n<div style=\"height:80px\" aria-hidden=\"true\" class=\"wp-block-spacer\"><\/div>\n\n\n\n<h1 class=\"wp-block-heading has-text-align-left has-nv-text-dark-bg-color has-text-color\">KADIO\u011eLU HUKUK VE DANI\u015eMANLIK<\/h1>\n\n\n\n<p class=\"has-text-align-left has-nv-text-dark-bg-color has-text-color\" style=\"font-size:17px\">&#8220;Kad\u0131o\u011flu Hukuk, Sivas ulusal ve ulusal Ceza, Ticaret, Aile, \u0130\u015f, M\u00fclkiyet, \u0130cra, \u0130flas, \u0130mar, Miras ve \u0130dare Hukuku gibi alanlarda kapsaml\u0131 avukatl\u0131k ve dan\u0131\u015fmanl\u0131k hizmetleri sunmaktad\u0131r.&nbsp;<\/p>\n\n\n\n<div class=\"wp-block-buttons is-horizontal is-content-justification-left is-layout-flex wp-container-core-buttons-is-layout-7e5fce0a wp-block-buttons-is-layout-flex\">\n<div class=\"wp-block-button is-style-primary\"><a class=\"wp-block-button__link has-text-color has-background has-link-color wp-element-button\" href=\"https:\/\/kadiogluhukuk.org\/about\/\" style=\"color:#0a2279;background-color:#ffffff\">hAKKIMIZDA<\/a><\/div>\n\n\n\n<div class=\"wp-block-button is-style-secondary\"><a class=\"wp-block-button__link has-nv-text-dark-bg-color has-text-color has-link-color wp-element-button\" href=\"https:\/\/api.whatsapp.com\/send?phone=905432658682\">\u0130LET\u0130\u015e\u0130M<\/a><\/div>\n<\/div>\n\n\n\n<div style=\"height:100px\" aria-hidden=\"true\" class=\"wp-block-spacer\"><\/div>\n<\/div>\n\n\n\n<div class=\"wp-block-column is-vertically-aligned-center is-layout-flow wp-block-column-is-layout-flow\">\n<figure class=\"wp-block-image size-full\"><img loading=\"lazy\" decoding=\"async\" width=\"1020\" height=\"1458\" src=\"https:\/\/kadiogluhukuk.org\/wp-content\/uploads\/2025\/08\/bekir.png\" alt=\"\" class=\"wp-image-34\" srcset=\"https:\/\/kadiogluhukuk.org\/wp-content\/uploads\/2025\/08\/bekir.png 1020w, https:\/\/kadiogluhukuk.org\/wp-content\/uploads\/2025\/08\/bekir-210x300.png 210w, https:\/\/kadiogluhukuk.org\/wp-content\/uploads\/2025\/08\/bekir-716x1024.png 716w, https:\/\/kadiogluhukuk.org\/wp-content\/uploads\/2025\/08\/bekir-768x1098.png 768w\" sizes=\"auto, (max-width: 1020px) 100vw, 1020px\" \/><\/figure>\n<\/div>\n<\/div>\n<\/div><\/div>\n\n\n\n<div style=\"height:40px\" aria-hidden=\"true\" class=\"wp-block-spacer\"><\/div>\n\n\n\n<div class=\"wp-block-columns is-layout-flex wp-container-core-columns-is-layout-9d6595d7 wp-block-columns-is-layout-flex\">\n<div class=\"wp-block-column neve-duotone is-layout-flow wp-block-column-is-layout-flow\" style=\"padding-right:var(--wp--preset--spacing--30);padding-left:var(--wp--preset--spacing--30)\"><div class=\"wp-block-image icon-style is-style-default wp-duotone-unset-1\">\n<figure class=\"aligncenter size-full is-resized has-custom-border\"><img loading=\"lazy\" decoding=\"async\" width=\"512\" height=\"512\" src=\"https:\/\/kadiogluhukuk.org\/wp-content\/uploads\/2025\/08\/dava-ve-uyusmazlik-c-d7e8071d.png\" alt=\"\" class=\"wp-image-41\" style=\"border-radius:0px;width:78px;height:auto\" title=\"\" srcset=\"https:\/\/kadiogluhukuk.org\/wp-content\/uploads\/2025\/08\/dava-ve-uyusmazlik-c-d7e8071d.png 512w, https:\/\/kadiogluhukuk.org\/wp-content\/uploads\/2025\/08\/dava-ve-uyusmazlik-c-d7e8071d-300x300.png 300w, https:\/\/kadiogluhukuk.org\/wp-content\/uploads\/2025\/08\/dava-ve-uyusmazlik-c-d7e8071d-150x150.png 150w\" sizes=\"auto, (max-width: 512px) 100vw, 512px\" \/><\/figure>\n<\/div>\n\n\n<div style=\"height:16px\" aria-hidden=\"true\" class=\"wp-block-spacer\"><\/div>\n\n\n\n<h3 class=\"wp-block-heading has-text-align-center has-neve-text-color-color has-text-color\"><strong>Dava ve Uyu\u015fmazl\u0131k \u00c7\u00f6z\u00fcm\u00fc<\/strong>. <\/h3>\n\n\n\n<p class=\"has-text-align-center\">Taraflar aras\u0131ndaki anla\u015fmazl\u0131klar\u0131n hukuki yollarla \u00e7\u00f6z\u00fclmesi s\u00fcrecini ifade eder. Ticaret hayat\u0131nda, bireysel ili\u015fkilerde veya kurumsal d\u00fczeyde ya\u015fanan uyu\u015fmazl\u0131klar\u0131n \u00e7\u00f6z\u00fclmesi, do\u011fru bir hukuki strateji gerektirir. T\u00fcrkiye\u2019de, davalar ve uyu\u015fmazl\u0131klar, T\u00fcrk Hukuku\u2019na, \u00f6zel olarak da Medeni Kanun, Ticaret Kanunu, \u0130cra \u0130flas Kanunu gibi \u00e7e\u015fitli d\u00fczenlemelere dayanarak \u00e7\u00f6z\u00fclmektedir.<\/p>\n\n\n\n<div style=\"height:20px\" aria-hidden=\"true\" class=\"wp-block-spacer\"><\/div>\n<\/div>\n\n\n\n<div class=\"wp-block-column is-layout-flow wp-block-column-is-layout-flow\" style=\"padding-right:var(--wp--preset--spacing--30);padding-left:var(--wp--preset--spacing--30)\"><div class=\"wp-block-image icon-style is-style-default wp-duotone-unset-2\">\n<figure class=\"aligncenter size-full is-resized has-custom-border\"><img loading=\"lazy\" decoding=\"async\" width=\"512\" height=\"512\" src=\"https:\/\/kadiogluhukuk.org\/wp-content\/uploads\/2025\/08\/dava-ve-uyusmazlik-c-d7e8071d.png\" alt=\"\" class=\"wp-image-41\" style=\"border-radius:0px;width:78px;height:auto\" title=\"\" srcset=\"https:\/\/kadiogluhukuk.org\/wp-content\/uploads\/2025\/08\/dava-ve-uyusmazlik-c-d7e8071d.png 512w, https:\/\/kadiogluhukuk.org\/wp-content\/uploads\/2025\/08\/dava-ve-uyusmazlik-c-d7e8071d-300x300.png 300w, https:\/\/kadiogluhukuk.org\/wp-content\/uploads\/2025\/08\/dava-ve-uyusmazlik-c-d7e8071d-150x150.png 150w\" sizes=\"auto, (max-width: 512px) 100vw, 512px\" \/><\/figure>\n<\/div>\n\n\n<div style=\"height:16px\" aria-hidden=\"true\" class=\"wp-block-spacer\"><\/div>\n\n\n\n<h3 class=\"wp-block-heading has-text-align-center has-neve-text-color-color has-text-color\">Ceza Hukuku.<br><\/h3>\n\n\n\n<p class=\"has-text-align-center\">Ceza hukuku, su\u00e7lar\u0131 tan\u0131mlar, su\u00e7lulara uygulanacak cezalar\u0131 belirler ve su\u00e7 i\u015fleyen ki\u015filerin nas\u0131l yarg\u0131lanaca\u011f\u0131n\u0131 d\u00fczenleyen hukuk dal\u0131d\u0131r. T\u00fcrkiye\u2019de ceza hukuku,&nbsp;T\u00fcrk Ceza Kanunu (TCK)&nbsp;\u00e7er\u00e7evesinde \u015fekillenir. Ceza hukuku, toplum d\u00fczenini korumak ve su\u00e7lular\u0131 cezaland\u0131rmak amac\u0131yla bir dizi yasal d\u00fczenleme ve prosed\u00fcr i\u00e7erir.<\/p>\n\n\n\n<div style=\"height:20px\" aria-hidden=\"true\" class=\"wp-block-spacer\"><\/div>\n<\/div>\n\n\n\n<div class=\"wp-block-column is-layout-flow wp-block-column-is-layout-flow\" style=\"padding-right:var(--wp--preset--spacing--30);padding-left:var(--wp--preset--spacing--30)\"><div class=\"wp-block-image icon-style is-style-default wp-duotone-unset-3\">\n<figure class=\"aligncenter size-full is-resized has-custom-border\"><img loading=\"lazy\" decoding=\"async\" width=\"512\" height=\"512\" src=\"https:\/\/kadiogluhukuk.org\/wp-content\/uploads\/2025\/08\/dava-ve-uyusmazlik-c-d7e8071d.png\" alt=\"\" class=\"wp-image-41\" style=\"border-radius:0px;width:78px;height:auto\" title=\"\" srcset=\"https:\/\/kadiogluhukuk.org\/wp-content\/uploads\/2025\/08\/dava-ve-uyusmazlik-c-d7e8071d.png 512w, https:\/\/kadiogluhukuk.org\/wp-content\/uploads\/2025\/08\/dava-ve-uyusmazlik-c-d7e8071d-300x300.png 300w, https:\/\/kadiogluhukuk.org\/wp-content\/uploads\/2025\/08\/dava-ve-uyusmazlik-c-d7e8071d-150x150.png 150w\" sizes=\"auto, (max-width: 512px) 100vw, 512px\" \/><\/figure>\n<\/div>\n\n\n<div style=\"height:16px\" aria-hidden=\"true\" class=\"wp-block-spacer\"><\/div>\n\n\n\n<h3 class=\"wp-block-heading has-text-align-center has-neve-text-color-color has-text-color\">Aile Hukuku.<\/h3>\n\n\n\n<p class=\"has-text-align-center\"><strong>Aile hukuku<\/strong>, aile bireyleri aras\u0131ndaki hak ve y\u00fck\u00fcml\u00fcl\u00fckleri d\u00fczenleyen, evlilik, bo\u015fanma, velayet ve nafaka gibi konular\u0131 kapsayan bir hukuk dal\u0131d\u0131r. T\u00fcrkiye\u2019de aile hukuku,&nbsp;<strong>T\u00fcrk Medeni Kanunu<\/strong>&nbsp;\u00e7er\u00e7evesinde d\u00fczenlenmi\u015ftir ve toplumun temel yap\u0131 ta\u015f\u0131 olan aileyi koruma amac\u0131 ta\u015f\u0131r.<\/p>\n\n\n\n<p class=\"has-text-align-center\">Aile hukuku, aile i\u00e7indeki hukuki ili\u015fkileri d\u00fczenlerken taraflar\u0131n haklar\u0131n\u0131 ve sorumluluklar\u0131n\u0131 net bir \u015fekilde belirler.<\/p>\n\n\n\n<div style=\"height:20px\" aria-hidden=\"true\" class=\"wp-block-spacer\"><\/div>\n<\/div>\n\n\n\n<div class=\"wp-block-column is-layout-flow wp-block-column-is-layout-flow\" style=\"padding-right:var(--wp--preset--spacing--30);padding-left:var(--wp--preset--spacing--30)\"><div class=\"wp-block-image icon-style is-style-default wp-duotone-unset-4\">\n<figure class=\"aligncenter size-full is-resized has-custom-border\"><img loading=\"lazy\" decoding=\"async\" width=\"512\" height=\"512\" src=\"https:\/\/kadiogluhukuk.org\/wp-content\/uploads\/2025\/08\/dava-ve-uyusmazlik-c-d7e8071d.png\" alt=\"\" class=\"wp-image-41\" style=\"border-radius:0px;width:78px;height:auto\" title=\"\" srcset=\"https:\/\/kadiogluhukuk.org\/wp-content\/uploads\/2025\/08\/dava-ve-uyusmazlik-c-d7e8071d.png 512w, https:\/\/kadiogluhukuk.org\/wp-content\/uploads\/2025\/08\/dava-ve-uyusmazlik-c-d7e8071d-300x300.png 300w, https:\/\/kadiogluhukuk.org\/wp-content\/uploads\/2025\/08\/dava-ve-uyusmazlik-c-d7e8071d-150x150.png 150w\" sizes=\"auto, (max-width: 512px) 100vw, 512px\" \/><\/figure>\n<\/div>\n\n\n<div style=\"height:16px\" aria-hidden=\"true\" class=\"wp-block-spacer\"><\/div>\n\n\n\n<h3 class=\"wp-block-heading has-text-align-center has-neve-text-color-color has-text-color\">Vergi Hukuku.<\/h3>\n\n\n\n<p class=\"has-text-align-center\"><strong>Vergi hukuku<\/strong>, devletin kamu giderlerini finanse etmek amac\u0131yla bireylerden ve kurumlardan vergi toplamas\u0131n\u0131 d\u00fczenleyen hukuk dal\u0131d\u0131r. T\u00fcrkiye\u2019de vergi hukuku,&nbsp;<strong>Vergi Usul Kanunu (VUK)<\/strong>,&nbsp;<strong>Gelir Vergisi Kanunu<\/strong>,&nbsp;<strong>Kurumlar Vergisi Kanunu<\/strong>&nbsp;ve di\u011fer ilgili mevzuat \u00e7er\u00e7evesinde uygulan\u0131r.<\/p>\n\n\n\n<div style=\"height:20px\" aria-hidden=\"true\" class=\"wp-block-spacer\"><\/div>\n<\/div>\n<\/div>\n\n\n\n<div class=\"wp-block-cover alignfull has-nv-text-dark-bg-color has-text-color has-link-color wp-elements-591b7361081f2bf02a083bab640ebfe2\" style=\"min-height:420px;aspect-ratio:unset;\"><span aria-hidden=\"true\" class=\"wp-block-cover__background has-nv-dark-bg-background-color has-background-dim-100 has-background-dim\"><\/span><div class=\"wp-block-cover__inner-container is-layout-flow wp-block-cover-is-layout-flow\">\n<div style=\"height:0px\" aria-hidden=\"true\" class=\"wp-block-spacer\"><\/div>\n<\/div><\/div>\n\n\n\n<div class=\"wp-block-cover alignfull\" style=\"min-height:600px;aspect-ratio:unset;\"><span aria-hidden=\"true\" class=\"wp-block-cover__background has-nv-site-bg-background-color has-background-dim-100 has-background-dim\"><\/span><div class=\"wp-block-cover__inner-container is-layout-flow wp-block-cover-is-layout-flow\">\n<div class=\"wp-block-group\"><div class=\"wp-block-group__inner-container is-layout-flow wp-block-group-is-layout-flow\">\n<div style=\"height:80px\" aria-hidden=\"true\" class=\"wp-block-spacer\"><\/div>\n\n\n\n<div class=\"wp-block-columns are-vertically-aligned-center is-layout-flex wp-container-core-columns-is-layout-9d6595d7 wp-block-columns-is-layout-flex\">\n<div class=\"wp-block-column is-vertically-aligned-center is-layout-flow wp-block-column-is-layout-flow\" style=\"padding-right:var(--wp--preset--spacing--30);padding-left:var(--wp--preset--spacing--30);flex-basis:50%\">\n<figure class=\"wp-block-image size-full is-resized has-custom-border is-style-default\"><img loading=\"lazy\" decoding=\"async\" width=\"1536\" height=\"2048\" src=\"https:\/\/kadiogluhukuk.org\/wp-content\/uploads\/2025\/08\/WhatsApp-Image-2025-08-08-at-10.30.40.jpeg\" alt=\"\" class=\"wp-image-42\" style=\"border-radius:16px;width:522px;height:auto\" srcset=\"https:\/\/kadiogluhukuk.org\/wp-content\/uploads\/2025\/08\/WhatsApp-Image-2025-08-08-at-10.30.40.jpeg 1536w, https:\/\/kadiogluhukuk.org\/wp-content\/uploads\/2025\/08\/WhatsApp-Image-2025-08-08-at-10.30.40-225x300.jpeg 225w, https:\/\/kadiogluhukuk.org\/wp-content\/uploads\/2025\/08\/WhatsApp-Image-2025-08-08-at-10.30.40-768x1024.jpeg 768w, https:\/\/kadiogluhukuk.org\/wp-content\/uploads\/2025\/08\/WhatsApp-Image-2025-08-08-at-10.30.40-1152x1536.jpeg 1152w\" sizes=\"auto, (max-width: 1536px) 100vw, 1536px\" \/><\/figure>\n<\/div>\n\n\n\n<div class=\"wp-block-column is-vertically-aligned-center is-layout-flow wp-block-column-is-layout-flow\" style=\"padding-right:var(--wp--preset--spacing--30);padding-left:var(--wp--preset--spacing--30);flex-basis:50%\">\n<div style=\"height:20px\" aria-hidden=\"true\" class=\"wp-block-spacer\"><\/div>\n\n\n\n<h2 class=\"wp-block-heading has-text-align-left has-neve-text-color-color has-text-color\">Av. Ebubekir KORKMAZ<\/h2>\n\n\n\n<p class=\"has-text-align-left has-neve-text-color-color has-text-color\" style=\"font-size:17px\">Kad\u0131o\u011flu Hukuk B\u00fcrosu, i\u015f hukuku, fikri s\u0131nai m\u00fclkiyet hukuku, \u015firketler ve ticaret hukuku, yabanc\u0131lar hukuku, t\u00fcketici hukuku, ceza hukuku, icra\/iflas hukuku ba\u015fta olmak \u00fczere hukukun her alan\u0131nda \u00e7\u00f6z\u00fcm odakl\u0131 ve vizyoner bir bak\u0131\u015f a\u00e7\u0131s\u0131yla avukatl\u0131k ve dan\u0131\u015fmanl\u0131k hizmeti vermektedir.<\/p>\n\n\n\n<div class=\"wp-block-buttons has-custom-font-size has-small-font-size is-content-justification-left is-layout-flex wp-container-core-buttons-is-layout-fdcfc74e wp-block-buttons-is-layout-flex\">\n<div class=\"wp-block-button is-style-default\"><a class=\"wp-block-button__link has-nv-text-dark-bg-color has-neve-link-color-background-color has-text-color has-background has-link-color has-custom-font-size wp-element-button\" href=\"#\" style=\"font-size:16px\">Hakk\u0131m\u0131zda<\/a><\/div>\n<\/div>\n<\/div>\n<\/div>\n\n\n\n<div class=\"wp-block-columns are-vertically-aligned-center is-layout-flex wp-container-core-columns-is-layout-9d6595d7 wp-block-columns-is-layout-flex\">\n<div class=\"wp-block-column is-vertically-aligned-center is-layout-flow wp-block-column-is-layout-flow\" style=\"padding-right:var(--wp--preset--spacing--30);padding-left:var(--wp--preset--spacing--30);flex-basis:50%\"><\/div>\n<\/div>\n\n\n\n<div style=\"height:40px\" aria-hidden=\"true\" class=\"wp-block-spacer\"><\/div>\n<\/div><\/div>\n<\/div><\/div>\n\n\n\n<div class=\"wp-block-cover alignfull\" style=\"min-height:300px;aspect-ratio:unset;\"><span aria-hidden=\"true\" class=\"wp-block-cover__background has-neve-link-color-background-color has-background-dim-100 has-background-dim\"><\/span><div class=\"wp-block-cover__inner-container is-layout-flow wp-block-cover-is-layout-flow\">\n<div style=\"height:140px\" aria-hidden=\"true\" class=\"wp-block-spacer\"><\/div>\n\n\n\n<div class=\"wp-block-columns is-layout-flex wp-container-core-columns-is-layout-9d6595d7 wp-block-columns-is-layout-flex\">\n<div class=\"wp-block-column is-layout-flow wp-block-column-is-layout-flow\" style=\"flex-basis:20%\"><\/div>\n\n\n\n<div class=\"wp-block-column is-layout-flow wp-block-column-is-layout-flow\" style=\"flex-basis:60%\">\n<div class=\"wp-block-group\"><div class=\"wp-block-group__inner-container is-layout-constrained wp-block-group-is-layout-constrained\">\n<h2 class=\"wp-block-heading has-text-align-center has-nv-text-dark-bg-color has-text-color\">Kad\u0131o\u011flu Hukuk B\u00fcrosu<br>olarak..<\/h2>\n\n\n\n<p class=\"has-text-align-center has-nv-text-dark-bg-color has-text-color has-link-color wp-elements-b7aff6256d1435582c640d772820c6b2\">Haftan\u0131n yedi g\u00fcn\u00fc, 09.00- 21.00 saatleri aras\u0131nda hukuki dan\u0131\u015fmanl\u0131k hizmetleri sunmaktay\u0131z.<br>M\u00fcvekkillerine hukukun her alan\u0131nda hizmet verir ve uzun soluklu ili\u015fkiler kurar<br>Yarg\u0131lama s\u00fcrecinin her a\u015famas\u0131nda \u00e7\u00f6z\u00fcm odakl\u0131 ve m\u00fcvekkil merkezli bir yakla\u015f\u0131m sergilemektedir.<\/p>\n\n\n\n<div class=\"wp-block-buttons is-horizontal is-content-justification-center is-layout-flex wp-container-core-buttons-is-layout-499968f5 wp-block-buttons-is-layout-flex\">\n<div class=\"wp-block-button is-style-primary\"><a class=\"wp-block-button__link has-neve-link-color-color has-text-color has-background has-link-color wp-element-button\" href=\"https:\/\/api.whatsapp.com\/send?phone=905432658682\" style=\"background-color:#ffffff\">\u0130leti\u015fime Ge\u00e7iniz<\/a><\/div>\n<\/div>\n<\/div><\/div>\n<\/div>\n\n\n\n<div class=\"wp-block-column is-layout-flow wp-block-column-is-layout-flow\" style=\"flex-basis:20%\"><\/div>\n<\/div>\n\n\n\n<div style=\"height:140px\" aria-hidden=\"true\" class=\"wp-block-spacer\"><\/div>\n<\/div><\/div>\n\n\n\n<p><\/p>\n","protected":false},"excerpt":{"rendered":"<p>Dava ve Uyu\u015fmazl\u0131k \u00c7\u00f6z\u00fcm\u00fc. Taraflar aras\u0131ndaki anla\u015fmazl\u0131klar\u0131n hukuki yollarla \u00e7\u00f6z\u00fclmesi s\u00fcrecini ifade eder. Ticaret hayat\u0131nda, bireysel ili\u015fkilerde veya kurumsal d\u00fczeyde ya\u015fanan uyu\u015fmazl\u0131klar\u0131n \u00e7\u00f6z\u00fclmesi, do\u011fru bir hukuki strateji gerektirir. T\u00fcrkiye\u2019de, davalar ve uyu\u015fmazl\u0131klar, T\u00fcrk Hukuku\u2019na, \u00f6zel olarak da Medeni Kanun, Ticaret Kanunu, \u0130cra \u0130flas Kanunu gibi \u00e7e\u015fitli d\u00fczenlemelere dayanarak \u00e7\u00f6z\u00fclmektedir. Ceza Hukuku. Ceza hukuku, su\u00e7lar\u0131 tan\u0131mlar,&hellip;&nbsp;<a href=\"https:\/\/kadiogluhukuk.org\/\" rel=\"bookmark\"><span class=\"screen-reader-text\">Ana sayfa<\/span><\/a><\/p>\n","protected":false},"author":1,"featured_media":0,"parent":0,"menu_order":0,"comment_status":"closed","ping_status":"closed","template":"","meta":{"neve_meta_sidebar":"","neve_meta_container":"","neve_meta_enable_content_width":"on","neve_meta_content_width":100,"neve_meta_title_alignment":"","neve_meta_author_avatar":"","neve_post_elements_order":"","neve_meta_disable_header":"","neve_meta_disable_footer":"","neve_meta_disable_title":"on","footnotes":""},"class_list":["post-7","page","type-page","status-publish","hentry"],"_links":{"self":[{"href":"https:\/\/kadiogluhukuk.org\/index.php?rest_route=\/wp\/v2\/pages\/7","targetHints":{"allow":["GET"]}}],"collection":[{"href":"https:\/\/kadiogluhukuk.org\/index.php?rest_route=\/wp\/v2\/pages"}],"about":[{"href":"https:\/\/kadiogluhukuk.org\/index.php?rest_route=\/wp\/v2\/types\/page"}],"author":[{"embeddable":true,"href":"https:\/\/kadiogluhukuk.org\/index.php?rest_route=\/wp\/v2\/users\/1"}],"replies":[{"embeddable":true,"href":"https:\/\/kadiogluhukuk.org\/index.php?rest_route=%2Fwp%2Fv2%2Fcomments&post=7"}],"version-history":[{"count":10,"href":"https:\/\/kadiogluhukuk.org\/index.php?rest_route=\/wp\/v2\/pages\/7\/revisions"}],"predecessor-version":[{"id":82,"href":"https:\/\/kadiogluhukuk.org\/index.php?rest_route=\/wp\/v2\/pages\/7\/revisions\/82"}],"wp:attachment":[{"href":"https:\/\/kadiogluhukuk.org\/index.php?rest_route=%2Fwp%2Fv2%2Fmedia&parent=7"}],"curies":[{"name":"wp","href":"https:\/\/api.w.org\/{rel}","templated":true}]}}