{"id":11,"date":"2025-08-22T11:55:16","date_gmt":"2025-08-22T11:55:16","guid":{"rendered":"https:\/\/kadiogluhukuk.org\/?page_id=11"},"modified":"2025-08-25T06:26:02","modified_gmt":"2025-08-25T06:26:02","slug":"proje-ayrintilari","status":"publish","type":"page","link":"https:\/\/kadiogluhukuk.org\/?page_id=11","title":{"rendered":"Proje ayr\u0131nt\u0131lar\u0131"},"content":{"rendered":"\n<div class=\"wp-block-cover alignfull\" style=\"min-height:320px;aspect-ratio:unset;\"><span aria-hidden=\"true\" class=\"wp-block-cover__background has-nv-site-bg-background-color has-background-dim-100 has-background-dim\"><\/span><div class=\"wp-block-cover__inner-container is-layout-flow wp-block-cover-is-layout-flow\">\n<div class=\"wp-block-group\" style=\"padding-right:var(--wp--preset--spacing--30);padding-left:var(--wp--preset--spacing--30)\"><div class=\"wp-block-group__inner-container is-layout-flow wp-block-group-is-layout-flow\">\n<div class=\"wp-block-columns are-vertically-aligned-center is-layout-flex wp-container-core-columns-is-layout-9d6595d7 wp-block-columns-is-layout-flex\">\n<div class=\"wp-block-column is-vertically-aligned-center is-layout-flow wp-block-column-is-layout-flow\" style=\"flex-basis:70%\">\n<div style=\"height:24px\" aria-hidden=\"true\" class=\"wp-block-spacer\"><\/div>\n\n\n\n<h1 class=\"wp-block-heading has-text-align-left has-neve-text-color-color has-text-color\">Hizmetlerimiz<\/h1>\n\n\n\n<p class=\"has-neve-text-color-color has-text-color\" style=\"font-size:22px\">Kad\u0131o\u011flu Hukuk ve Dan\u0131\u015fmanl\u0131k Hizmetleri Sizler \u0130\u00e7in Sunulmu\u015ftur<\/p>\n<\/div>\n\n\n\n<div class=\"wp-block-column is-vertically-aligned-center is-layout-flow wp-block-column-is-layout-flow\" style=\"flex-basis:30%\"><\/div>\n<\/div>\n<\/div><\/div>\n<\/div><\/div>\n\n\n\n<div class=\"wp-block-cover alignfull\" style=\"min-height:600px;aspect-ratio:unset;\"><span aria-hidden=\"true\" class=\"wp-block-cover__background has-nv-light-bg-background-color has-background-dim-100 has-background-dim\"><\/span><div class=\"wp-block-cover__inner-container is-layout-flow wp-block-cover-is-layout-flow\">\n<div class=\"wp-block-group\"><div class=\"wp-block-group__inner-container is-layout-flow wp-block-group-is-layout-flow\">\n<div style=\"height:60px\" aria-hidden=\"true\" class=\"wp-block-spacer\"><\/div>\n\n\n\n<div class=\"wp-block-columns is-layout-flex wp-container-core-columns-is-layout-9d6595d7 wp-block-columns-is-layout-flex\">\n<div class=\"wp-block-column is-layout-flow wp-block-column-is-layout-flow\" style=\"padding-right:var(--wp--preset--spacing--30);padding-left:var(--wp--preset--spacing--30);flex-basis:67%\">\n<p class=\"has-neve-text-color-color has-text-color\"><strong>Ceza Hukuku:<\/strong> Ceza hukuku, su\u00e7lar\u0131 tan\u0131mlar, su\u00e7lulara uygulanacak cezalar\u0131 belirler ve su\u00e7 i\u015fleyen ki\u015filerin nas\u0131l yarg\u0131lanaca\u011f\u0131n\u0131 d\u00fczenleyen hukuk dal\u0131d\u0131r. T\u00fcrkiye\u2019de ceza hukuku,\u00a0T\u00fcrk Ceza Kanunu (TCK)\u00a0\u00e7er\u00e7evesinde \u015fekillenir. Ceza hukuku, toplum d\u00fczenini korumak ve su\u00e7lular\u0131 cezaland\u0131rmak amac\u0131yla bir dizi yasal d\u00fczenleme ve prosed\u00fcr i\u00e7erir. <\/p>\n\n\n\n<p class=\"has-neve-text-color-color has-text-color\"><strong>Aile Hukuku<\/strong>: Aile bireyleri aras\u0131ndaki hak ve y\u00fck\u00fcml\u00fcl\u00fckleri d\u00fczenleyen, evlilik, bo\u015fanma, velayet ve nafaka gibi konular\u0131 kapsayan bir hukuk dal\u0131d\u0131r. T\u00fcrkiye\u2019de aile hukuku,\u00a0<strong>T\u00fcrk Medeni Kanunu<\/strong>\u00a0\u00e7er\u00e7evesinde d\u00fczenlenmi\u015ftir ve toplumun temel yap\u0131 ta\u015f\u0131 olan aileyi koruma amac\u0131 ta\u015f\u0131r.<\/p>\n\n\n\n<p class=\"has-neve-text-color-color has-text-color\"><strong>Ticaret Hukuku<\/strong>: Ticari i\u015fletmelerin faaliyetlerini d\u00fczenleyen, t\u00fcccarlar aras\u0131ndaki ili\u015fkileri ve ticari i\u015flemleri ele alan hukuk dal\u0131d\u0131r. T\u00fcrkiye&#8217;de ticaret hukuku,\u00a0<strong>T\u00fcrk Ticaret Kanunu (TTK)<\/strong>\u00a0\u00e7er\u00e7evesinde d\u00fczenlenmi\u015f olup, i\u015fletmelerin yasal zeminde faaliyet g\u00f6stermesini sa\u011flar.<\/p>\n\n\n\n<p class=\"has-neve-text-color-color has-text-color\"><strong>S\u00f6zle\u015fmeler ve Bor\u00e7lar Hukuku<\/strong>: Bireyler veya kurumlar aras\u0131nda yap\u0131lan hukuki i\u015flemleri d\u00fczenleyen bir hukuk dal\u0131d\u0131r. T\u00fcrkiye\u2019de bu alan,\u00a0<strong>T\u00fcrk Bor\u00e7lar Kanunu (TBK)<\/strong>\u00a0kapsam\u0131nda ele al\u0131n\u0131r ve taraflar aras\u0131nda hak ve y\u00fck\u00fcml\u00fcl\u00fcklerin netle\u015ftirilmesini sa\u011flar.<\/p>\n\n\n\n<p class=\"has-neve-text-color-color has-text-color\"><strong>\u0130dare Hukuku<\/strong>: Kamu idaresinin i\u015fleyi\u015fini, kamu hizmetlerini ve devletin bireylerle olan ili\u015fkilerini d\u00fczenleyen bir hukuk dal\u0131d\u0131r. T\u00fcrkiye\u2019de idare hukuku,\u00a0<strong>Anayasa<\/strong>,\u00a0<strong>\u0130dari Yarg\u0131lama Usul\u00fc Kanunu (\u0130YUK)<\/strong>\u00a0ve di\u011fer ilgili yasal d\u00fczenlemeler \u00e7er\u00e7evesinde uygulan\u0131r. Bu hukuk dal\u0131, kamu yarar\u0131 g\u00f6zetilerek, idarenin s\u0131n\u0131rlar\u0131n\u0131 ve yetkilerini belirler. <\/p>\n\n\n\n<p class=\"has-neve-text-color-color has-text-color\"><strong>Vergi Hukuku<\/strong>: Devletin kamu giderlerini finanse etmek amac\u0131yla bireylerden ve kurumlardan vergi toplamas\u0131n\u0131 d\u00fczenleyen hukuk dal\u0131d\u0131r. T\u00fcrkiye\u2019de vergi hukuku,\u00a0<strong>Vergi Usul Kanunu (VUK)<\/strong>,\u00a0<strong>Gelir Vergisi Kanunu<\/strong>,\u00a0<strong>Kurumlar Vergisi Kanunu<\/strong>\u00a0ve di\u011fer ilgili mevzuat \u00e7er\u00e7evesinde uygulan\u0131r. <\/p>\n\n\n\n<p class=\"has-neve-text-color-color has-text-color\"><strong>Bili\u015fim Hukuku<\/strong>: Dijital teknolojiler ve elektronik ileti\u015fim alan\u0131nda ortaya \u00e7\u0131kan hukuki ili\u015fkileri d\u00fczenleyen bir hukuk dal\u0131d\u0131r. Bu alan, internet ortam\u0131nda i\u015flenen su\u00e7lardan ki\u015fisel verilerin korunmas\u0131na, e-ticaret i\u015flemlerinden siber g\u00fcvenlik d\u00fczenlemelerine kadar geni\u015f bir yelpazeyi kapsar. T\u00fcrkiye\u2019de bili\u015fim hukuku,\u00a0<strong>T\u00fcrk Ceza Kanunu<\/strong>,\u00a0<strong>Ki\u015fisel Verilerin Korunmas\u0131 Kanunu (KVKK)<\/strong>,\u00a0<strong>5651 say\u0131l\u0131 Kanun<\/strong>\u00a0ve uluslararas\u0131 s\u00f6zle\u015fmeler \u00e7er\u00e7evesinde uygulan\u0131r. <\/p>\n\n\n\n<p class=\"has-neve-text-color-color has-text-color\"><strong>Gayrimenkul Hukuku<\/strong>: Ta\u015f\u0131nmaz mallar \u00fczerinde ki\u015filerin ve kurumlar\u0131n haklar\u0131n\u0131 d\u00fczenleyen, al\u0131m-sat\u0131m, kiralama, ipotek gibi i\u015flemleri kapsayan bir hukuk dal\u0131d\u0131r. T\u00fcrkiye\u2019de gayrimenkul hukuku,\u00a0<strong>T\u00fcrk Medeni Kanunu<\/strong>,\u00a0<strong>Tapu Kanunu<\/strong>\u00a0ve ilgili di\u011fer mevzuat \u00e7er\u00e7evesinde uygulan\u0131r. <\/p>\n\n\n\n<p class=\"has-neve-text-color-color has-text-color\"><strong>Miras Hukuku<\/strong>: Bir ki\u015finin vefat\u0131 halinde malvarl\u0131\u011f\u0131n\u0131n yasal veya atanm\u0131\u015f miras\u00e7\u0131lar aras\u0131nda nas\u0131l payla\u015ft\u0131r\u0131laca\u011f\u0131n\u0131 d\u00fczenleyen hukuk dal\u0131d\u0131r. T\u00fcrkiye\u2019de miras hukuku,\u00a0<strong>T\u00fcrk Medeni Kanunu<\/strong>\u00a0\u00e7er\u00e7evesinde d\u00fczenlenmi\u015ftir ve ki\u015filerin miras haklar\u0131n\u0131 g\u00fcvence alt\u0131na al\u0131r. <\/p>\n\n\n\n<p class=\"has-neve-text-color-color has-text-color\"><strong>Dava ve Uyu\u015fmazl\u0131k \u00c7\u00f6z\u00fcm\u00fc<\/strong>: Taraflar aras\u0131ndaki anla\u015fmazl\u0131klar\u0131n hukuki yollarla \u00e7\u00f6z\u00fclmesi s\u00fcrecini ifade eder. Ticaret hayat\u0131nda, bireysel ili\u015fkilerde veya kurumsal d\u00fczeyde ya\u015fanan uyu\u015fmazl\u0131klar\u0131n \u00e7\u00f6z\u00fclmesi, do\u011fru bir hukuki strateji gerektirir. T\u00fcrkiye\u2019de, davalar ve uyu\u015fmazl\u0131klar, T\u00fcrk Hukuku\u2019na, \u00f6zel olarak da Medeni Kanun, Ticaret Kanunu, \u0130cra \u0130flas Kanunu gibi \u00e7e\u015fitli d\u00fczenlemelere dayanarak \u00e7\u00f6z\u00fclmektedir. <\/p>\n\n\n\n<p class=\"has-neve-text-color-color has-text-color\"><strong>\u0130cra ve \u0130flas Hukuku:<\/strong>\u00a0Bor\u00e7lunun borcunu \u00f6dememesi durumunda, alacakl\u0131n\u0131n talebi ile devlet taraf\u0131ndan borcun nas\u0131l tahsil edilece\u011fini belirleyen hukuk dal\u0131na, icra ve iflas hukuku denmektedir. Alacaklar\u0131 bor\u00e7lu taraf\u0131ndan zaman\u0131nda \u00f6denmeyen alacakl\u0131lar, zor kullanarak alacaklar\u0131n\u0131 tahsil edemezler. <\/p>\n\n\n\n<p class=\"has-neve-text-color-color has-text-color\"><strong>Moda Hukuku<\/strong>:\u00a0<strong>Moda<\/strong>\u00a0sekt\u00f6r\u00fcn\u00fcn de\u011fer zincirinin her a\u015famas\u0131nda (tasar\u0131m, \u00fcretim, sat\u0131n alma, da\u011f\u0131t\u0131m ve t\u00fcketim gibi)\u00a0<strong>moda<\/strong>\u00a0end\u00fcstrisinin yap\u0131sal sorunlar\u0131na \u00e7\u00f6z\u00fcmler getirmek i\u00e7in bir\u00e7ok farkl\u0131 hukuk disiplinini i\u00e7inde bar\u0131ndan bir hukuk dal\u0131 olarak kar\u015f\u0131m\u0131za \u00e7\u0131kmaktad\u0131r.<\/p>\n\n\n\n<p><\/p>\n\n\n\n<p><\/p>\n\n\n\n<div style=\"height:24px\" aria-hidden=\"true\" class=\"wp-block-spacer\"><\/div>\n\n\n\n<div style=\"height:24px\" aria-hidden=\"true\" class=\"wp-block-spacer\"><\/div>\n<\/div>\n<\/div>\n\n\n\n<div style=\"height:40px\" aria-hidden=\"true\" class=\"wp-block-spacer\"><\/div>\n<\/div><\/div>\n<\/div><\/div>\n\n\n\n<div class=\"wp-block-cover alignfull\" style=\"min-height:300px;aspect-ratio:unset;\"><span aria-hidden=\"true\" class=\"wp-block-cover__background has-neve-link-color-background-color has-background-dim-100 has-background-dim\"><\/span><div class=\"wp-block-cover__inner-container is-layout-flow wp-block-cover-is-layout-flow\">\n<div style=\"height:140px\" aria-hidden=\"true\" class=\"wp-block-spacer\"><\/div>\n\n\n\n<div class=\"wp-block-columns is-layout-flex wp-container-core-columns-is-layout-9d6595d7 wp-block-columns-is-layout-flex\">\n<div class=\"wp-block-column is-layout-flow wp-block-column-is-layout-flow\" style=\"flex-basis:20%\"><\/div>\n\n\n\n<div class=\"wp-block-column is-layout-flow wp-block-column-is-layout-flow\" style=\"flex-basis:60%\">\n<div class=\"wp-block-group\"><div class=\"wp-block-group__inner-container is-layout-constrained wp-block-group-is-layout-constrained\">\n<h2 class=\"wp-block-heading has-text-align-center has-nv-text-dark-bg-color has-text-color\">Kad\u0131o\u011flu Hukuk B\u00fcrosu<br>olarak..<\/h2>\n\n\n\n<p class=\"has-text-align-center has-nv-text-dark-bg-color has-text-color has-link-color wp-elements-9ade30d16836582cf39d1dc234fa0ab8\">Haftan\u0131n alt\u0131 g\u00fcn\u00fc, 09.00- 21.00 saatleri aras\u0131nda hukuki dan\u0131\u015fmanl\u0131k hizmetleri sunmaktay\u0131z.<br>M\u00fcvekkillerine hukukun her alan\u0131nda hizmet verir ve uzun soluklu ili\u015fkiler kurar<br>Yarg\u0131lama s\u00fcrecinin her a\u015famas\u0131nda \u00e7\u00f6z\u00fcm odakl\u0131 ve m\u00fcvekkil merkezli bir yakla\u015f\u0131m sergilemektedir.<\/p>\n<\/div><\/div>\n<\/div>\n\n\n\n<div class=\"wp-block-column is-layout-flow wp-block-column-is-layout-flow\" style=\"flex-basis:20%\"><\/div>\n<\/div>\n<\/div><\/div>\n","protected":false},"excerpt":{"rendered":"","protected":false},"author":1,"featured_media":0,"parent":0,"menu_order":0,"comment_status":"closed","ping_status":"closed","template":"","meta":{"neve_meta_sidebar":"","neve_meta_container":"","neve_meta_enable_content_width":"on","neve_meta_content_width":100,"neve_meta_title_alignment":"","neve_meta_author_avatar":"","neve_post_elements_order":"","neve_meta_disable_header":"","neve_meta_disable_footer":"","neve_meta_disable_title":"on","footnotes":""},"class_list":["post-11","page","type-page","status-publish","hentry"],"_links":{"self":[{"href":"https:\/\/kadiogluhukuk.org\/index.php?rest_route=\/wp\/v2\/pages\/11","targetHints":{"allow":["GET"]}}],"collection":[{"href":"https:\/\/kadiogluhukuk.org\/index.php?rest_route=\/wp\/v2\/pages"}],"about":[{"href":"https:\/\/kadiogluhukuk.org\/index.php?rest_route=\/wp\/v2\/types\/page"}],"author":[{"embeddable":true,"href":"https:\/\/kadiogluhukuk.org\/index.php?rest_route=\/wp\/v2\/users\/1"}],"replies":[{"embeddable":true,"href":"https:\/\/kadiogluhukuk.org\/index.php?rest_route=%2Fwp%2Fv2%2Fcomments&post=11"}],"version-history":[{"count":3,"href":"https:\/\/kadiogluhukuk.org\/index.php?rest_route=\/wp\/v2\/pages\/11\/revisions"}],"predecessor-version":[{"id":53,"href":"https:\/\/kadiogluhukuk.org\/index.php?rest_route=\/wp\/v2\/pages\/11\/revisions\/53"}],"wp:attachment":[{"href":"https:\/\/kadiogluhukuk.org\/index.php?rest_route=%2Fwp%2Fv2%2Fmedia&parent=11"}],"curies":[{"name":"wp","href":"https:\/\/api.w.org\/{rel}","templated":true}]}}