{"id":10,"date":"2025-08-22T11:55:16","date_gmt":"2025-08-22T11:55:16","guid":{"rendered":"https:\/\/kadiogluhukuk.org\/?page_id=10"},"modified":"2025-08-25T07:08:22","modified_gmt":"2025-08-25T07:08:22","slug":"portfoy","status":"publish","type":"page","link":"https:\/\/kadiogluhukuk.org\/?page_id=10","title":{"rendered":"Portf\u00f6y"},"content":{"rendered":"\n<div class=\"wp-block-cover alignfull\" style=\"min-height:300px;aspect-ratio:unset;\"><span aria-hidden=\"true\" class=\"wp-block-cover__background has-nv-site-bg-background-color has-background-dim-100 has-background-dim\"><\/span><div class=\"wp-block-cover__inner-container is-layout-flow wp-block-cover-is-layout-flow\">\n<div class=\"wp-block-group\" style=\"padding-right:var(--wp--preset--spacing--30);padding-left:var(--wp--preset--spacing--30)\"><div class=\"wp-block-group__inner-container is-layout-flow wp-block-group-is-layout-flow\">\n<h1 class=\"wp-block-heading has-text-align-left has-neve-text-color-color has-text-color\">Avukatlar\u0131m\u0131z<\/h1>\n<\/div><\/div>\n<\/div><\/div>\n\n\n\n<div class=\"wp-block-cover alignfull\"><span aria-hidden=\"true\" class=\"wp-block-cover__background has-nv-site-bg-background-color has-background-dim-100 has-background-dim\"><\/span><div class=\"wp-block-cover__inner-container is-layout-flow wp-block-cover-is-layout-flow\">\n<div style=\"height:80px\" aria-hidden=\"true\" class=\"wp-block-spacer\"><\/div>\n\n\n\n<div class=\"wp-block-columns are-vertically-aligned-center is-layout-flex wp-container-core-columns-is-layout-9d6595d7 wp-block-columns-is-layout-flex\">\n<div class=\"wp-block-column is-vertically-aligned-center is-layout-flow wp-block-column-is-layout-flow\" style=\"padding-right:var(--wp--preset--spacing--30);padding-left:var(--wp--preset--spacing--30);flex-basis:50%\">\n<div style=\"height:20px\" aria-hidden=\"true\" class=\"wp-block-spacer\"><\/div>\n\n\n\n<h2 class=\"wp-block-heading has-text-align-left has-neve-text-color-color has-text-color\">Av. Ebubekir KORKMAZ<\/h2>\n\n\n\n<p class=\"has-text-align-left has-neve-text-color-color has-text-color\">Kad\u0131o\u011flu Hukuk ve Dan\u0131\u015fmanl\u0131k B\u00fcrosu olarak, deneyimli avukatlar\u0131m\u0131z ile hukuki sorunlar\u0131n\u0131za adil ve etkili \u00e7\u00f6z\u00fcmler sunuyoruz. Hukukun \u00e7e\u015fitli dallar\u0131nda uzmanla\u015fm\u0131\u015f ekibimiz, ihtiya\u00e7lar\u0131n\u0131za en uygun stratejileri belirleyerek sizi karma\u015f\u0131k s\u00fcre\u00e7lerde y\u00f6nlendirmeye haz\u0131rd\u0131r. <\/p>\n\n\n\n<p class=\"has-text-align-left has-neve-text-color-color has-text-color\">Hukuki s\u00fcre\u00e7lerdeki titiz \u00e7al\u0131\u015fma prensibimiz ve \u00e7\u00f6z\u00fcm odakl\u0131 yakla\u015f\u0131m\u0131m\u0131z sayesinde g\u00fcvenilir bir rehber olmaktan gurur duyuyoruz. Aile hukuku, i\u015f hukuku, ticaret hukuku, icra ve iflas hukuku gibi geni\u015f bir yelpazede hizmet veriyoruz. <\/p>\n\n\n\n<p class=\"has-text-align-left has-neve-text-color-color has-text-color\">Ayn\u0131 zamanda, miras davalar\u0131 ve ecrimisil davalar\u0131 gibi \u00f6zel uzmanl\u0131k gerektiren alanlarda da kapsaml\u0131 bir destek sunuyoruz. Kad\u0131o\u011flu Hukuk ve Dan\u0131\u015fmanl\u0131k B\u00fcrosu, m\u00fcvekkillerine sadece hukuki s\u00fcre\u00e7leri y\u00f6netmekle kalmay\u0131p, ayn\u0131 zamanda her ad\u0131mda onlar\u0131 bilgilendirerek g\u00fcven ve \u015feffafl\u0131k ilkesini \u00f6n planda tutmaktad\u0131r. <\/p>\n\n\n\n<p class=\"has-text-align-left has-neve-text-color-color has-text-color\">M\u00fc\u015fteri odakl\u0131 \u00e7al\u0131\u015fma anlay\u0131\u015f\u0131m\u0131z, Kad\u0131o\u011flu Hukuk ve Dan\u0131\u015fmanl\u0131k B\u00fcrosu\u2019nun temel de\u011ferlerinden biridir. M\u00fcvekkillerimizin beklentilerini anlamak ve onlara g\u00fcvenilir, etkili \u00e7\u00f6z\u00fcmler sunmak i\u00e7in her detay \u00fczerinde \u00f6zenle \u00e7al\u0131\u015f\u0131yoruz. <\/p>\n\n\n\n<p class=\"has-text-align-left has-neve-text-color-color has-text-color\">Hukuki dan\u0131\u015fmanl\u0131k, dava s\u00fcre\u00e7lerinin takibi ve s\u00f6zle\u015fme haz\u0131rlama gibi hizmetlerimizle, sizin i\u00e7in her zaman bir ad\u0131m \u00f6nde olmay\u0131 hedefliyoruz. Hukuki g\u00fcvenli\u011finizi sa\u011flamak ve sorunlar\u0131n\u0131za kal\u0131c\u0131 \u00e7\u00f6z\u00fcmler \u00fcretmek en b\u00fcy\u00fck \u00f6nceli\u011fimizdir. <\/p>\n\n\n\n<p class=\"has-text-align-left has-neve-text-color-color has-text-color\">Kad\u0131o\u011flu Hukuk ve Dan\u0131\u015fmanl\u0131k B\u00fcrosu olarak, hukuki s\u00fcre\u00e7lerin her a\u015famas\u0131nda yan\u0131n\u0131zda yer al\u0131yor, ihtiya\u00e7lar\u0131n\u0131za \u00f6zel \u00e7\u00f6z\u00fcmler geli\u015ftiriyoruz. G\u00fcvenilir ve sonu\u00e7 odakl\u0131 hizmet anlay\u0131\u015f\u0131m\u0131zla, size hukuki huzur ve g\u00fcven sa\u011flamak i\u00e7in buraday\u0131z. <\/p>\n\n\n\n<p class=\"has-text-align-left has-neve-text-color-color has-text-color\">Kad\u0131o\u011flu Hukuk ve Dan\u0131\u015fmanl\u0131k B\u00fcrosu\u2019nu tercih ederek, uzman bir ekiple \u00e7al\u0131\u015fman\u0131n ayr\u0131cal\u0131\u011f\u0131n\u0131 ya\u015fayabilir ve hukuki s\u00fcre\u00e7lerinizi emin ellerde y\u00fcr\u00fctebilirsiniz.<\/p>\n\n\n\n<div class=\"wp-block-buttons has-custom-font-size has-small-font-size is-content-justification-left is-layout-flex wp-container-core-buttons-is-layout-fdcfc74e wp-block-buttons-is-layout-flex\">\n<div class=\"wp-block-button is-style-default\"><a class=\"wp-block-button__link has-nv-text-dark-bg-color has-neve-link-color-background-color has-text-color has-background has-link-color has-custom-font-size wp-element-button\" href=\"https:\/\/api.whatsapp.com\/send?phone=905432658682\" style=\"font-size:16px\">\u0130leti\u015fime Ge\u00e7iniz<\/a><\/div>\n<\/div>\n<\/div>\n\n\n\n<div class=\"wp-block-column is-vertically-aligned-center is-layout-flow wp-block-column-is-layout-flow\" style=\"padding-right:var(--wp--preset--spacing--30);padding-left:var(--wp--preset--spacing--30);flex-basis:50%\">\n<figure class=\"wp-block-image size-full has-custom-border is-style-default\"><img loading=\"lazy\" decoding=\"async\" width=\"1536\" height=\"2048\" src=\"https:\/\/kadiogluhukuk.org\/wp-content\/uploads\/2025\/08\/WhatsApp-Image-2025-08-08-at-10.30.40.jpeg\" alt=\"\" class=\"wp-image-42\" style=\"border-radius:16px\" srcset=\"https:\/\/kadiogluhukuk.org\/wp-content\/uploads\/2025\/08\/WhatsApp-Image-2025-08-08-at-10.30.40.jpeg 1536w, https:\/\/kadiogluhukuk.org\/wp-content\/uploads\/2025\/08\/WhatsApp-Image-2025-08-08-at-10.30.40-225x300.jpeg 225w, https:\/\/kadiogluhukuk.org\/wp-content\/uploads\/2025\/08\/WhatsApp-Image-2025-08-08-at-10.30.40-768x1024.jpeg 768w, https:\/\/kadiogluhukuk.org\/wp-content\/uploads\/2025\/08\/WhatsApp-Image-2025-08-08-at-10.30.40-1152x1536.jpeg 1152w\" sizes=\"auto, (max-width: 1536px) 100vw, 1536px\" \/><\/figure>\n<\/div>\n<\/div>\n\n\n\n<div style=\"height:50px\" aria-hidden=\"true\" class=\"wp-block-spacer\"><\/div>\n<\/div><\/div>\n","protected":false},"excerpt":{"rendered":"","protected":false},"author":1,"featured_media":0,"parent":0,"menu_order":0,"comment_status":"closed","ping_status":"closed","template":"","meta":{"neve_meta_sidebar":"","neve_meta_container":"","neve_meta_enable_content_width":"on","neve_meta_content_width":100,"neve_meta_title_alignment":"","neve_meta_author_avatar":"","neve_post_elements_order":"","neve_meta_disable_header":"","neve_meta_disable_footer":"","neve_meta_disable_title":"on","footnotes":""},"class_list":["post-10","page","type-page","status-publish","hentry"],"_links":{"self":[{"href":"https:\/\/kadiogluhukuk.org\/index.php?rest_route=\/wp\/v2\/pages\/10","targetHints":{"allow":["GET"]}}],"collection":[{"href":"https:\/\/kadiogluhukuk.org\/index.php?rest_route=\/wp\/v2\/pages"}],"about":[{"href":"https:\/\/kadiogluhukuk.org\/index.php?rest_route=\/wp\/v2\/types\/page"}],"author":[{"embeddable":true,"href":"https:\/\/kadiogluhukuk.org\/index.php?rest_route=\/wp\/v2\/users\/1"}],"replies":[{"embeddable":true,"href":"https:\/\/kadiogluhukuk.org\/index.php?rest_route=%2Fwp%2Fv2%2Fcomments&post=10"}],"version-history":[{"count":5,"href":"https:\/\/kadiogluhukuk.org\/index.php?rest_route=\/wp\/v2\/pages\/10\/revisions"}],"predecessor-version":[{"id":79,"href":"https:\/\/kadiogluhukuk.org\/index.php?rest_route=\/wp\/v2\/pages\/10\/revisions\/79"}],"wp:attachment":[{"href":"https:\/\/kadiogluhukuk.org\/index.php?rest_route=%2Fwp%2Fv2%2Fmedia&parent=10"}],"curies":[{"name":"wp","href":"https:\/\/api.w.org\/{rel}","templated":true}]}}